{"id":2317,"date":"2023-02-20T12:50:58","date_gmt":"2023-02-20T17:50:58","guid":{"rendered":"https:\/\/ecoconversions.ca\/chaudieres\/"},"modified":"2025-07-17T16:16:10","modified_gmt":"2025-07-17T20:16:10","slug":"boilers","status":"publish","type":"page","link":"https:\/\/ecoconversions.ca\/en\/boilers\/","title":{"rendered":"Boilers"},"content":{"rendered":"<p>\n<div class=\"fusion-fullwidth fullwidth-box fusion-builder-row-1 nonhundred-percent-fullwidth non-hundred-percent-height-scrolling fusion-equal-height-columns\" style=\"--awb-border-radius-top-left:0px;--awb-border-radius-top-right:0px;--awb-border-radius-bottom-right:0px;--awb-border-radius-bottom-left:0px;--awb-padding-top:45px;--awb-flex-wrap:wrap;\" ><div class=\"fusion-builder-row fusion-row\"><div class=\"fusion-layout-column fusion_builder_column fusion-builder-column-0 fusion_builder_column_1_1 1_1 fusion-one-full fusion-column-first fusion-column-last\" style=\"--awb-bg-size:cover;\"><div class=\"fusion-column-wrapper fusion-column-has-shadow fusion-flex-column-wrapper-legacy\"><div class=\"fusion-title title fusion-title-1 fusion-sep-none fusion-title-center fusion-title-text fusion-title-size-one\" style=\"--awb-margin-bottom:0px;\"><h1 class=\"fusion-title-heading title-heading-center fusion-responsive-typography-calculated\" style=\"margin:0;--fontSize:60;line-height:1.4;\">Electric Boilers<\/h1><\/div><div class=\"fusion-clearfix\"><\/div><\/div><\/div><\/div><\/div><div class=\"fusion-fullwidth fullwidth-box fusion-builder-row-2 nonhundred-percent-fullwidth non-hundred-percent-height-scrolling fusion-equal-height-columns\" style=\"--awb-border-radius-top-left:0px;--awb-border-radius-top-right:0px;--awb-border-radius-bottom-right:0px;--awb-border-radius-bottom-left:0px;--awb-padding-top:30px;--awb-padding-bottom:80px;--awb-flex-wrap:wrap;\" ><div class=\"fusion-builder-row fusion-row\"><div class=\"fusion-layout-column fusion_builder_column fusion-builder-column-1 fusion_builder_column_1_3 1_3 fusion-one-third fusion-column-first fusion-animated\" style=\"--awb-padding-top:40px;--awb-padding-right:40px;--awb-padding-bottom:40px;--awb-padding-left:40px;--awb-overflow:hidden;--awb-bg-color:#ffffff;--awb-bg-color-hover:#ffffff;--awb-bg-size:cover;--awb-box-shadow:0px 25px 20px 0px rgba(61,61,61,0.27);;--awb-border-color:#7abc64;--awb-border-top:0;--awb-border-style:solid;--awb-border-radius:10px 10px 10px 10px;width:33.333333333333%;width:calc(33.333333333333% - ( ( 4% ) * 0.33333333333333 ) );margin-right: 4%;\" data-animationType=\"fadeInLeft\" data-animationDuration=\"0.6\" data-animationOffset=\"top-into-view\"><div class=\"fusion-column-wrapper fusion-column-has-shadow fusion-flex-column-wrapper-legacy\"><div class=\"fusion-image-element fusion-image-align-center in-legacy-container\" style=\"text-align:center;--awb-caption-title-font-family:var(--h2_typography-font-family);--awb-caption-title-font-weight:var(--h2_typography-font-weight);--awb-caption-title-font-style:var(--h2_typography-font-style);--awb-caption-title-size:var(--h2_typography-font-size);--awb-caption-title-transform:var(--h2_typography-text-transform);--awb-caption-title-line-height:var(--h2_typography-line-height);--awb-caption-title-letter-spacing:var(--h2_typography-letter-spacing);\"><div class=\"imageframe-align-center\"><span class=\" fusion-imageframe imageframe-none imageframe-1 hover-type-none fusion-animated\" data-animationType=\"fadeInUp\" data-animationDuration=\"0.6\" data-animationOffset=\"top-into-view\"><img decoding=\"async\" width=\"200\" height=\"347\" title=\"Thermo-2000-bth-utra\" src=\"https:\/\/ecoconversions.ca\/wp-content\/uploads\/2023\/02\/Thermo-2000-bth-utra-1-200x347.jpg\" alt class=\"img-responsive wp-image-2311\" srcset=\"https:\/\/ecoconversions.ca\/wp-content\/uploads\/2023\/02\/Thermo-2000-bth-utra-1-200x347.jpg 200w, https:\/\/ecoconversions.ca\/wp-content\/uploads\/2023\/02\/Thermo-2000-bth-utra-1-400x694.jpg 400w, https:\/\/ecoconversions.ca\/wp-content\/uploads\/2023\/02\/Thermo-2000-bth-utra-1.jpg 600w\" sizes=\"(max-width: 1051px) 100vw, 400px\" \/><\/span><\/div><\/div><div class=\"fusion-sep-clear\"><\/div><div class=\"fusion-separator fusion-full-width-sep\" style=\"margin-left: auto;margin-right: auto;margin-top:25px;width:100%;\"><\/div><div class=\"fusion-sep-clear\"><\/div><div class=\"fusion-title title fusion-title-2 fusion-sep-none fusion-title-center fusion-title-text fusion-title-size-three\" style=\"--awb-text-color:#494c4e;--awb-margin-bottom:0px;--awb-margin-bottom-small:0px;\"><h3 class=\"fusion-title-heading title-heading-center fusion-responsive-typography-calculated\" style=\"margin:0;--fontSize:30;line-height:1.5;\">THERMO 2000<\/h3><\/div><div class=\"fusion-sep-clear\"><\/div><div class=\"fusion-separator fusion-full-width-sep\" style=\"margin-left: auto;margin-right: auto;margin-top:10px;width:100%;\"><\/div><div class=\"fusion-sep-clear\"><\/div><div class=\"fusion-clearfix\"><\/div><\/div><\/div><div class=\"fusion-layout-column fusion_builder_column fusion-builder-column-2 fusion_builder_column_2_3 2_3 fusion-two-third fusion-column-last fusion-animated\" style=\"--awb-bg-size:cover;width:66.666666666667%;width:calc(66.666666666667% - ( ( 4% ) * 0.66666666666667 ) );\" data-animationType=\"fadeInRight\" data-animationDuration=\"0.6\" data-animationOffset=\"top-into-view\"><div class=\"fusion-column-wrapper fusion-flex-column-wrapper-legacy\"><div class=\"fusion-column-content-centered\"><div class=\"fusion-column-content\"><div class=\"fusion-sep-clear\"><\/div><div class=\"fusion-separator fusion-no-large-visibility fusion-full-width-sep\" style=\"margin-left: auto;margin-right: auto;margin-top:40px;width:100%;\"><\/div><div class=\"fusion-sep-clear\"><\/div><div class=\"fusion-title title fusion-title-3 fusion-sep-none fusion-title-text fusion-title-size-two\" style=\"--awb-margin-bottom-small:0px;\"><h2 class=\"fusion-title-heading title-heading-left fusion-responsive-typography-calculated\" style=\"margin:0;--fontSize:40;line-height:1.5;\">Thermo 2000 bth utra<\/h2><\/div><div class=\"fusion-title title fusion-title-4 fusion-sep-none fusion-title-text fusion-title-size-four\"><h4 class=\"fusion-title-heading title-heading-left fusion-responsive-typography-calculated\" style=\"margin:0;--fontSize:21;--minFontSize:21;line-height:1.5;\">Wall Mounted installation<\/h4><\/div><ul style=\"--awb-size:22px;--awb-iconcolor:#245b89;--awb-line-height:37.4px;--awb-icon-width:37.4px;--awb-icon-height:37.4px;--awb-icon-margin:15.4px;--awb-content-margin:52.8px;\" class=\"fusion-checklist fusion-checklist-1 fusion-checklist-default type-icons\"><li class=\"fusion-li-item\" style=\"\"><span class=\"icon-wrapper circle-no\"><i class=\"fusion-li-icon fa-fire-alt fas\" aria-hidden=\"true\"><\/i><\/span><div class=\"fusion-li-item-content\">\n<p>Heating Capacity: 7 to 36 kW<\/p>\n<\/div><\/li><li class=\"fusion-li-item\" style=\"\"><span class=\"icon-wrapper circle-no\"><i class=\"fusion-li-icon fa-bolt fas\" aria-hidden=\"true\"><\/i><\/span><div class=\"fusion-li-item-content\">\n<p>Energy Efficiency rating: 100 %<\/p>\n<\/div><\/li><li class=\"fusion-li-item\" style=\"\"><span class=\"icon-wrapper circle-no\"><i class=\"fusion-li-icon fa-file-alt fas\" aria-hidden=\"true\"><\/i><\/span><div class=\"fusion-li-item-content\">\n<p>Warranty: 1 year labour\/2 years on electric components\/15 years on the reservoir<\/p>\n<\/div><\/li><li class=\"fusion-li-item\" style=\"\"><span class=\"icon-wrapper circle-no\"><i class=\"fusion-li-icon awb-icon-check\" aria-hidden=\"true\"><\/i><\/span><div class=\"fusion-li-item-content\">\n<p><a href=\"https:\/\/ecoconversions.ca\/wp-content\/uploads\/2023\/02\/bthULTRA-flyer-EN.pdf\">bthULTRA-flyer<\/a><\/p>\n<\/div><\/li><\/ul><\/div><\/div><div class=\"fusion-clearfix\"><\/div><\/div><\/div><\/div><\/div><div class=\"fusion-fullwidth fullwidth-box fusion-builder-row-3 nonhundred-percent-fullwidth non-hundred-percent-height-scrolling fusion-equal-height-columns\" style=\"--awb-border-radius-top-left:0px;--awb-border-radius-top-right:0px;--awb-border-radius-bottom-right:0px;--awb-border-radius-bottom-left:0px;--awb-padding-top:30px;--awb-padding-bottom:80px;--awb-flex-wrap:wrap;\" ><div class=\"fusion-builder-row fusion-row\"><div class=\"fusion-layout-column fusion_builder_column fusion-builder-column-3 fusion_builder_column_1_3 1_3 fusion-one-third fusion-column-first fusion-animated\" style=\"--awb-padding-top:40px;--awb-padding-right:40px;--awb-padding-bottom:40px;--awb-padding-left:40px;--awb-overflow:hidden;--awb-bg-color:#ffffff;--awb-bg-color-hover:#ffffff;--awb-bg-size:cover;--awb-box-shadow:0px 25px 20px 0px rgba(61,61,61,0.27);;--awb-border-color:#7abc64;--awb-border-top:0;--awb-border-style:solid;--awb-border-radius:10px 10px 10px 10px;width:33.333333333333%;width:calc(33.333333333333% - ( ( 4% ) * 0.33333333333333 ) );margin-right: 4%;\" data-animationType=\"fadeInLeft\" data-animationDuration=\"0.6\" data-animationOffset=\"top-into-view\"><div class=\"fusion-column-wrapper fusion-column-has-shadow fusion-flex-column-wrapper-legacy\"><div class=\"fusion-image-element fusion-image-align-center in-legacy-container\" style=\"text-align:center;--awb-caption-title-font-family:var(--h2_typography-font-family);--awb-caption-title-font-weight:var(--h2_typography-font-weight);--awb-caption-title-font-style:var(--h2_typography-font-style);--awb-caption-title-size:var(--h2_typography-font-size);--awb-caption-title-transform:var(--h2_typography-text-transform);--awb-caption-title-line-height:var(--h2_typography-line-height);--awb-caption-title-letter-spacing:var(--h2_typography-letter-spacing);\"><div class=\"imageframe-align-center\"><span class=\" fusion-imageframe imageframe-none imageframe-2 hover-type-none fusion-animated\" data-animationType=\"fadeInUp\" data-animationDuration=\"0.6\" data-animationOffset=\"top-into-view\"><img decoding=\"async\" width=\"226\" height=\"269\" alt=\"Installation murale\" title=\"thermolec\" src=\"https:\/\/ecoconversions.ca\/wp-content\/uploads\/2019\/04\/thermolec.jpg\" class=\"img-responsive wp-image-2097\" srcset=\"https:\/\/ecoconversions.ca\/wp-content\/uploads\/2019\/04\/thermolec-200x238.jpg 200w, https:\/\/ecoconversions.ca\/wp-content\/uploads\/2019\/04\/thermolec.jpg 226w\" sizes=\"(max-width: 1051px) 100vw, 226px\" \/><\/span><\/div><\/div><div class=\"fusion-sep-clear\"><\/div><div class=\"fusion-separator fusion-full-width-sep\" style=\"margin-left: auto;margin-right: auto;margin-top:25px;width:100%;\"><\/div><div class=\"fusion-sep-clear\"><\/div><div class=\"fusion-title title fusion-title-5 fusion-sep-none fusion-title-center fusion-title-text fusion-title-size-three\" style=\"--awb-text-color:#494c4e;--awb-margin-bottom:0px;--awb-margin-bottom-small:0px;\"><h3 class=\"fusion-title-heading title-heading-center fusion-responsive-typography-calculated\" style=\"margin:0;--fontSize:30;line-height:1.5;\">THERMOLEC<\/h3><\/div><div class=\"fusion-sep-clear\"><\/div><div class=\"fusion-separator fusion-full-width-sep\" style=\"margin-left: auto;margin-right: auto;margin-top:10px;width:100%;\"><\/div><div class=\"fusion-sep-clear\"><\/div><div class=\"fusion-clearfix\"><\/div><\/div><\/div><div class=\"fusion-layout-column fusion_builder_column fusion-builder-column-4 fusion_builder_column_2_3 2_3 fusion-two-third fusion-column-last fusion-animated\" style=\"--awb-bg-size:cover;width:66.666666666667%;width:calc(66.666666666667% - ( ( 4% ) * 0.66666666666667 ) );\" data-animationType=\"fadeInRight\" data-animationDuration=\"0.6\" data-animationOffset=\"top-into-view\"><div class=\"fusion-column-wrapper fusion-flex-column-wrapper-legacy\"><div class=\"fusion-column-content-centered\"><div class=\"fusion-column-content\"><div class=\"fusion-sep-clear\"><\/div><div class=\"fusion-separator fusion-no-large-visibility fusion-full-width-sep\" style=\"margin-left: auto;margin-right: auto;margin-top:40px;width:100%;\"><\/div><div class=\"fusion-sep-clear\"><\/div><div class=\"fusion-title title fusion-title-6 fusion-sep-none fusion-title-text fusion-title-size-two\" style=\"--awb-margin-bottom-small:0px;\"><h2 class=\"fusion-title-heading title-heading-left fusion-responsive-typography-calculated\" style=\"margin:0;--fontSize:40;line-height:1.5;\">B-10 to B-38 models<\/h2><\/div><div class=\"fusion-title title fusion-title-7 fusion-sep-none fusion-title-text fusion-title-size-four\"><h4 class=\"fusion-title-heading title-heading-left fusion-responsive-typography-calculated\" style=\"margin:0;--fontSize:21;--minFontSize:21;line-height:1.5;\">Wall Mounted Installation<\/h4><\/div><ul style=\"--awb-size:22px;--awb-iconcolor:#245b89;--awb-line-height:37.4px;--awb-icon-width:37.4px;--awb-icon-height:37.4px;--awb-icon-margin:15.4px;--awb-content-margin:52.8px;\" class=\"fusion-checklist fusion-checklist-2 fusion-checklist-default type-icons\"><li class=\"fusion-li-item\" style=\"\"><span class=\"icon-wrapper circle-no\"><i class=\"fusion-li-icon fa-fire-alt fas\" aria-hidden=\"true\"><\/i><\/span><div class=\"fusion-li-item-content\">\n<p>Heating Capacity: 10 to 38 kW<\/p>\n<\/div><\/li><li class=\"fusion-li-item\" style=\"\"><span class=\"icon-wrapper circle-no\"><i class=\"fusion-li-icon fa-bolt fas\" aria-hidden=\"true\"><\/i><\/span><div class=\"fusion-li-item-content\">\n<p>Energy Efficiency Rating: 100%<\/p>\n<\/div><\/li><li class=\"fusion-li-item\" style=\"\"><span class=\"icon-wrapper circle-no\"><i class=\"fusion-li-icon fa-file-alt fas\" aria-hidden=\"true\"><\/i><\/span><div class=\"fusion-li-item-content\">\n<p>Warranty: 1 year labour\/10 years on parts<\/p>\n<\/div><\/li><li class=\"fusion-li-item\" style=\"\"><span class=\"icon-wrapper circle-no\"><i class=\"fusion-li-icon awb-icon-check\" aria-hidden=\"true\"><\/i><\/span><div class=\"fusion-li-item-content\">\n<p><a href=\"https:\/\/ecoconversions.ca\/wp-content\/uploads\/2023\/02\/Thermolec-Electric-Boiler.pdf\">Thermolec Electric Boiler<\/a><\/p>\n<\/div><\/li><\/ul><\/div><\/div><div class=\"fusion-clearfix\"><\/div><\/div><\/div><\/div><\/div><\/p>\n","protected":false},"excerpt":{"rendered":"","protected":false},"author":1,"featured_media":0,"parent":0,"menu_order":0,"comment_status":"closed","ping_status":"closed","template":"100-width.php","meta":{"footnotes":""},"class_list":["post-2317","page","type-page","status-publish","hentry"],"yoast_head":"<!-- This site is optimized with the Yoast SEO Premium plugin v25.5 (Yoast SEO v25.5) - https:\/\/yoast.com\/wordpress\/plugins\/seo\/ -->\n<title>Boilers - &Eacute;coconversions | Conversion du mazout en &eacute;lectricit&eacute; - Converting Heating Oil to Electricity<\/title>\n<meta name=\"description\" content=\"Les syst\u00e8mes chauffage \u00e9lectriques sont fiables,silencieux et \u00e9cologiques! Fournaises, chaudi\u00e8res ou chauffe-eau \u00e9lectriques.\" \/>\n<meta name=\"robots\" content=\"index, follow, max-snippet:-1, max-image-preview:large, max-video-preview:-1\" \/>\n<link rel=\"canonical\" href=\"https:\/\/ecoconversions.ca\/en\/boilers\/\" \/>\n<meta property=\"og:locale\" content=\"en_US\" \/>\n<meta property=\"og:type\" content=\"article\" \/>\n<meta property=\"og:title\" content=\"Boilers\" \/>\n<meta property=\"og:description\" content=\"Les syst\u00e8mes chauffage \u00e9lectriques sont fiables,silencieux et \u00e9cologiques! Fournaises, chaudi\u00e8res ou chauffe-eau \u00e9lectriques.\" \/>\n<meta property=\"og:url\" content=\"https:\/\/ecoconversions.ca\/en\/boilers\/\" \/>\n<meta property=\"og:site_name\" content=\"&Eacute;coconversions | Conversion du mazout en &eacute;lectricit&eacute; - Converting Heating Oil to Electricity\" \/>\n<meta property=\"article:publisher\" content=\"https:\/\/www.facebook.com\/ecoconversions\" \/>\n<meta property=\"article:modified_time\" content=\"2025-07-17T20:16:10+00:00\" \/>\n<meta name=\"twitter:card\" content=\"summary_large_image\" \/>\n<meta name=\"twitter:label1\" content=\"Est. reading time\" \/>\n\t<meta name=\"twitter:data1\" content=\"1 minute\" \/>\n<script type=\"application\/ld+json\" class=\"yoast-schema-graph\">{\"@context\":\"https:\/\/schema.org\",\"@graph\":[{\"@type\":\"WebPage\",\"@id\":\"https:\/\/ecoconversions.ca\/en\/boilers\/\",\"url\":\"https:\/\/ecoconversions.ca\/en\/boilers\/\",\"name\":\"Boilers - &Eacute;coconversions | Conversion du mazout en &eacute;lectricit&eacute; - Converting Heating Oil to Electricity\",\"isPartOf\":{\"@id\":\"https:\/\/ecoconversions.ca\/#website\"},\"datePublished\":\"2023-02-20T17:50:58+00:00\",\"dateModified\":\"2025-07-17T20:16:10+00:00\",\"description\":\"Les syst\u00e8mes chauffage \u00e9lectriques sont fiables,silencieux et \u00e9cologiques! Fournaises, chaudi\u00e8res ou chauffe-eau \u00e9lectriques.\",\"breadcrumb\":{\"@id\":\"https:\/\/ecoconversions.ca\/en\/boilers\/#breadcrumb\"},\"inLanguage\":\"en-US\",\"potentialAction\":[{\"@type\":\"ReadAction\",\"target\":[\"https:\/\/ecoconversions.ca\/en\/boilers\/\"]}]},{\"@type\":\"BreadcrumbList\",\"@id\":\"https:\/\/ecoconversions.ca\/en\/boilers\/#breadcrumb\",\"itemListElement\":[{\"@type\":\"ListItem\",\"position\":1,\"name\":\"Home\",\"item\":\"https:\/\/ecoconversions.ca\/en\/\"},{\"@type\":\"ListItem\",\"position\":2,\"name\":\"Boilers\"}]},{\"@type\":\"WebSite\",\"@id\":\"https:\/\/ecoconversions.ca\/#website\",\"url\":\"https:\/\/ecoconversions.ca\/\",\"name\":\"&Eacute;coconversions | Conversion du mazout en &eacute;lectricit&eacute; - Converting Heating Oil to Electricity\",\"description\":\"Passez &agrave; une source d&rsquo;&eacute;nergie &eacute;cologique pour votre chauffage - From oil to electricity, the eco-friendly way\",\"publisher\":{\"@id\":\"https:\/\/ecoconversions.ca\/#organization\"},\"potentialAction\":[{\"@type\":\"SearchAction\",\"target\":{\"@type\":\"EntryPoint\",\"urlTemplate\":\"https:\/\/ecoconversions.ca\/?s={search_term_string}\"},\"query-input\":{\"@type\":\"PropertyValueSpecification\",\"valueRequired\":true,\"valueName\":\"search_term_string\"}}],\"inLanguage\":\"en-US\"},{\"@type\":\"Organization\",\"@id\":\"https:\/\/ecoconversions.ca\/#organization\",\"name\":\"&Eacute;coconversions | Conversion du mazout en &eacute;lectricit&eacute; - Converting Heating Oil to Electricity\",\"url\":\"https:\/\/ecoconversions.ca\/\",\"logo\":{\"@type\":\"ImageObject\",\"inLanguage\":\"en-US\",\"@id\":\"https:\/\/ecoconversions.ca\/#\/schema\/logo\/image\/\",\"url\":\"https:\/\/ecoconversions.ca\/wp-content\/uploads\/2019\/07\/posterscreen.jpg\",\"contentUrl\":\"https:\/\/ecoconversions.ca\/wp-content\/uploads\/2019\/07\/posterscreen.jpg\",\"width\":600,\"height\":400,\"caption\":\"&Eacute;coconversions | Conversion du mazout en &eacute;lectricit&eacute; - Converting Heating Oil to Electricity\"},\"image\":{\"@id\":\"https:\/\/ecoconversions.ca\/#\/schema\/logo\/image\/\"},\"sameAs\":[\"https:\/\/www.facebook.com\/ecoconversions\"]}]}<\/script>\n<!-- \/ Yoast SEO Premium plugin. -->","yoast_head_json":{"title":"Boilers - &Eacute;coconversions | Conversion du mazout en &eacute;lectricit&eacute; - Converting Heating Oil to Electricity","description":"Les syst\u00e8mes chauffage \u00e9lectriques sont fiables,silencieux et \u00e9cologiques! Fournaises, chaudi\u00e8res ou chauffe-eau \u00e9lectriques.","robots":{"index":"index","follow":"follow","max-snippet":"max-snippet:-1","max-image-preview":"max-image-preview:large","max-video-preview":"max-video-preview:-1"},"canonical":"https:\/\/ecoconversions.ca\/en\/boilers\/","og_locale":"en_US","og_type":"article","og_title":"Boilers","og_description":"Les syst\u00e8mes chauffage \u00e9lectriques sont fiables,silencieux et \u00e9cologiques! Fournaises, chaudi\u00e8res ou chauffe-eau \u00e9lectriques.","og_url":"https:\/\/ecoconversions.ca\/en\/boilers\/","og_site_name":"&Eacute;coconversions | Conversion du mazout en &eacute;lectricit&eacute; - Converting Heating Oil to Electricity","article_publisher":"https:\/\/www.facebook.com\/ecoconversions","article_modified_time":"2025-07-17T20:16:10+00:00","twitter_card":"summary_large_image","twitter_misc":{"Est. reading time":"1 minute"},"schema":{"@context":"https:\/\/schema.org","@graph":[{"@type":"WebPage","@id":"https:\/\/ecoconversions.ca\/en\/boilers\/","url":"https:\/\/ecoconversions.ca\/en\/boilers\/","name":"Boilers - &Eacute;coconversions | Conversion du mazout en &eacute;lectricit&eacute; - Converting Heating Oil to Electricity","isPartOf":{"@id":"https:\/\/ecoconversions.ca\/#website"},"datePublished":"2023-02-20T17:50:58+00:00","dateModified":"2025-07-17T20:16:10+00:00","description":"Les syst\u00e8mes chauffage \u00e9lectriques sont fiables,silencieux et \u00e9cologiques! Fournaises, chaudi\u00e8res ou chauffe-eau \u00e9lectriques.","breadcrumb":{"@id":"https:\/\/ecoconversions.ca\/en\/boilers\/#breadcrumb"},"inLanguage":"en-US","potentialAction":[{"@type":"ReadAction","target":["https:\/\/ecoconversions.ca\/en\/boilers\/"]}]},{"@type":"BreadcrumbList","@id":"https:\/\/ecoconversions.ca\/en\/boilers\/#breadcrumb","itemListElement":[{"@type":"ListItem","position":1,"name":"Home","item":"https:\/\/ecoconversions.ca\/en\/"},{"@type":"ListItem","position":2,"name":"Boilers"}]},{"@type":"WebSite","@id":"https:\/\/ecoconversions.ca\/#website","url":"https:\/\/ecoconversions.ca\/","name":"&Eacute;coconversions | Conversion du mazout en &eacute;lectricit&eacute; - Converting Heating Oil to Electricity","description":"Passez &agrave; une source d&rsquo;&eacute;nergie &eacute;cologique pour votre chauffage - From oil to electricity, the eco-friendly way","publisher":{"@id":"https:\/\/ecoconversions.ca\/#organization"},"potentialAction":[{"@type":"SearchAction","target":{"@type":"EntryPoint","urlTemplate":"https:\/\/ecoconversions.ca\/?s={search_term_string}"},"query-input":{"@type":"PropertyValueSpecification","valueRequired":true,"valueName":"search_term_string"}}],"inLanguage":"en-US"},{"@type":"Organization","@id":"https:\/\/ecoconversions.ca\/#organization","name":"&Eacute;coconversions | Conversion du mazout en &eacute;lectricit&eacute; - Converting Heating Oil to Electricity","url":"https:\/\/ecoconversions.ca\/","logo":{"@type":"ImageObject","inLanguage":"en-US","@id":"https:\/\/ecoconversions.ca\/#\/schema\/logo\/image\/","url":"https:\/\/ecoconversions.ca\/wp-content\/uploads\/2019\/07\/posterscreen.jpg","contentUrl":"https:\/\/ecoconversions.ca\/wp-content\/uploads\/2019\/07\/posterscreen.jpg","width":600,"height":400,"caption":"&Eacute;coconversions | Conversion du mazout en &eacute;lectricit&eacute; - Converting Heating Oil to Electricity"},"image":{"@id":"https:\/\/ecoconversions.ca\/#\/schema\/logo\/image\/"},"sameAs":["https:\/\/www.facebook.com\/ecoconversions"]}]}},"_links":{"self":[{"href":"https:\/\/ecoconversions.ca\/en\/wp-json\/wp\/v2\/pages\/2317","targetHints":{"allow":["GET"]}}],"collection":[{"href":"https:\/\/ecoconversions.ca\/en\/wp-json\/wp\/v2\/pages"}],"about":[{"href":"https:\/\/ecoconversions.ca\/en\/wp-json\/wp\/v2\/types\/page"}],"author":[{"embeddable":true,"href":"https:\/\/ecoconversions.ca\/en\/wp-json\/wp\/v2\/users\/1"}],"replies":[{"embeddable":true,"href":"https:\/\/ecoconversions.ca\/en\/wp-json\/wp\/v2\/comments?post=2317"}],"version-history":[{"count":12,"href":"https:\/\/ecoconversions.ca\/en\/wp-json\/wp\/v2\/pages\/2317\/revisions"}],"predecessor-version":[{"id":4790,"href":"https:\/\/ecoconversions.ca\/en\/wp-json\/wp\/v2\/pages\/2317\/revisions\/4790"}],"wp:attachment":[{"href":"https:\/\/ecoconversions.ca\/en\/wp-json\/wp\/v2\/media?parent=2317"}],"curies":[{"name":"wp","href":"https:\/\/api.w.org\/{rel}","templated":true}]}}